{"id":2715,"date":"2023-02-28T19:21:58","date_gmt":"2023-02-28T19:21:58","guid":{"rendered":"https:\/\/edfibras.com.br\/?post_type=product&#038;p=2715"},"modified":"2023-02-28T19:21:58","modified_gmt":"2023-02-28T19:21:58","slug":"jogo-de-sofa-trapezio","status":"publish","type":"product","link":"https:\/\/edfibras.com.br\/index.php\/product\/jogo-de-sofa-trapezio\/","title":{"rendered":"JOGO DE SOF\u00c1 TRAP\u00c9ZIO"},"content":{"rendered":"<p>SOF\u00c1 2,10\u00a0 LARG\u00a0 X\u00a0 0,80 DE PROF X\u00a0 0,70 DE ALTURA<\/p>\n<p>POLTRONA 0,80 LARG\u00a0 X A0,80 DE PROF X 0,70 DE ALTURA<\/p>\n","protected":false},"excerpt":{"rendered":"<p>SOF\u00c1 2,10\u00a0 LARG\u00a0 X\u00a0 0,80 DE PROF X\u00a0 0,70 DE ALTURA POLTRONA 0,80 LARG\u00a0 X A0,80 DE PROF X 0,70 DE ALTURA<\/p>\n","protected":false},"featured_media":2717,"comment_status":"open","ping_status":"closed","template":"","meta":[],"product_cat":[23,31],"product_tag":[],"class_list":{"0":"post-2715","1":"product","2":"type-product","3":"status-publish","4":"has-post-thumbnail","6":"product_cat-poltronas","7":"product_cat-sofas","9":"first","10":"onbackorder","11":"taxable","12":"shipping-taxable","13":"purchasable","14":"product-type-simple"},"_links":{"self":[{"href":"https:\/\/edfibras.com.br\/index.php\/wp-json\/wp\/v2\/product\/2715","targetHints":{"allow":["GET"]}}],"collection":[{"href":"https:\/\/edfibras.com.br\/index.php\/wp-json\/wp\/v2\/product"}],"about":[{"href":"https:\/\/edfibras.com.br\/index.php\/wp-json\/wp\/v2\/types\/product"}],"replies":[{"embeddable":true,"href":"https:\/\/edfibras.com.br\/index.php\/wp-json\/wp\/v2\/comments?post=2715"}],"version-history":[{"count":1,"href":"https:\/\/edfibras.com.br\/index.php\/wp-json\/wp\/v2\/product\/2715\/revisions"}],"predecessor-version":[{"id":2718,"href":"https:\/\/edfibras.com.br\/index.php\/wp-json\/wp\/v2\/product\/2715\/revisions\/2718"}],"wp:featuredmedia":[{"embeddable":true,"href":"https:\/\/edfibras.com.br\/index.php\/wp-json\/wp\/v2\/media\/2717"}],"wp:attachment":[{"href":"https:\/\/edfibras.com.br\/index.php\/wp-json\/wp\/v2\/media?parent=2715"}],"wp:term":[{"taxonomy":"product_cat","embeddable":true,"href":"https:\/\/edfibras.com.br\/index.php\/wp-json\/wp\/v2\/product_cat?post=2715"},{"taxonomy":"product_tag","embeddable":true,"href":"https:\/\/edfibras.com.br\/index.php\/wp-json\/wp\/v2\/product_tag?post=2715"}],"curies":[{"name":"wp","href":"https:\/\/api.w.org\/{rel}","templated":true}]}}